{"id":21,"date":"2023-06-20T08:43:54","date_gmt":"2023-06-20T08:43:54","guid":{"rendered":"https:\/\/arsur.es\/?page_id=21"},"modified":"2025-02-25T18:30:46","modified_gmt":"2025-02-25T18:30:46","slug":"hola","status":"publish","type":"page","link":"https:\/\/arsur.es\/index.php\/hola\/","title":{"rendered":"Formaci\u00f3n"},"content":{"rendered":"\t\t<div data-elementor-type=\"wp-page\" data-elementor-id=\"21\" class=\"elementor elementor-21\">\n\t\t\t\t\t\t<section class=\"elementor-section elementor-top-section elementor-element elementor-element-31049d8 elementor-section-boxed elementor-section-height-default elementor-section-height-default\" data-id=\"31049d8\" data-element_type=\"section\">\n\t\t\t\t\t\t<div class=\"elementor-container elementor-column-gap-default\">\n\t\t\t\t\t<div class=\"elementor-column elementor-col-100 elementor-top-column elementor-element elementor-element-c3619c6\" data-id=\"c3619c6\" data-element_type=\"column\">\n\t\t\t<div class=\"elementor-widget-wrap elementor-element-populated\">\n\t\t\t\t\t\t<div class=\"elementor-element elementor-element-229ab94 elementor-widget elementor-widget-text-editor\" data-id=\"229ab94\" data-element_type=\"widget\" data-widget_type=\"text-editor.default\">\n\t\t\t\t<div class=\"elementor-widget-container\">\n\t\t\t<style>\/*! elementor - v3.21.0 - 15-04-2024 *\/\n.elementor-widget-text-editor.elementor-drop-cap-view-stacked .elementor-drop-cap{background-color:#69727d;color:#fff}.elementor-widget-text-editor.elementor-drop-cap-view-framed .elementor-drop-cap{color:#69727d;border:3px solid;background-color:transparent}.elementor-widget-text-editor:not(.elementor-drop-cap-view-default) .elementor-drop-cap{margin-top:8px}.elementor-widget-text-editor:not(.elementor-drop-cap-view-default) .elementor-drop-cap-letter{width:1em;height:1em}.elementor-widget-text-editor .elementor-drop-cap{float:left;text-align:center;line-height:1;font-size:50px}.elementor-widget-text-editor .elementor-drop-cap-letter{display:inline-block}<\/style>\t\t\t\t<h1 class=\"entry-title\" style=\"box-sizing: inherit; margin-bottom: 0px; line-height: 49px;\">Curso B\u00e1sico de Radiolog\u00eda en Urgencias<\/h1><div class=\"blog-data-wrapper\" style=\"box-sizing: inherit; width: 716.516px; color: #000000; font-family: 'PT Sans', 'helvetica neue', helvetica, arial; font-size: 16px;\"><div class=\"post-data-text\" style=\"box-sizing: inherit;\"><span class=\"posted-on\" style=\"box-sizing: inherit; color: #6f6f6f; font-size: 16px; margin-top: 0px;\">Posted on\u00a0<a style=\"box-sizing: inherit; color: #6f6f6f; transition-property: all; margin-top: 0px; box-shadow: #ffffff 0px 0px 0px !important;\" href=\"https:\/\/arsur.es\/index.php\/2025\/02\/18\/curso-basico-de-ta\/\" rel=\"bookmark\"><time class=\"entry-date published\" style=\"box-sizing: inherit; margin-top: 0px;\" datetime=\"2025-02-18T13:51:43+00:00\">18 de February d<\/time><\/a>e 2025<\/span><\/div><\/div>\t\t\t\t\t\t<\/div>\n\t\t\t\t<\/div>\n\t\t\t\t\t<\/div>\n\t\t<\/div>\n\t\t\t\t\t<\/div>\n\t\t<\/section>\n\t\t\t\t<section class=\"elementor-section elementor-top-section elementor-element elementor-element-84a7e5e elementor-section-boxed elementor-section-height-default elementor-section-height-default\" data-id=\"84a7e5e\" data-element_type=\"section\">\n\t\t\t\t\t\t<div class=\"elementor-container elementor-column-gap-default\">\n\t\t\t\t\t<div class=\"elementor-column elementor-col-100 elementor-top-column elementor-element elementor-element-b09e701\" data-id=\"b09e701\" data-element_type=\"column\">\n\t\t\t<div class=\"elementor-widget-wrap elementor-element-populated\">\n\t\t\t\t\t\t<div class=\"elementor-element elementor-element-ec9a80e elementor-widget elementor-widget-text-editor\" data-id=\"ec9a80e\" data-element_type=\"widget\" data-widget_type=\"text-editor.default\">\n\t\t\t\t<div class=\"elementor-widget-container\">\n\t\t\t\t\t\t\t<h1 class=\"entry-title\" style=\"box-sizing: inherit; margin-bottom: 0px; line-height: 49px;\">Curso de Radiolog\u00eda Tor\u00e1cica B\u00e1sica<\/h1><div class=\"blog-data-wrapper\" style=\"box-sizing: inherit; width: 716.516px; color: rgb(0, 0, 0); font-family: &quot;PT Sans&quot;, &quot;helvetica neue&quot;, helvetica, arial; font-size: 16px;\"><div class=\"post-data-text\" style=\"box-sizing: inherit;\"><span class=\"posted-on\" style=\"box-sizing: inherit; color: rgb(111, 111, 111); font-size: 16px; margin-top: 0px;\">Posted on&nbsp;<a href=\"https:\/\/arsur.es\/index.php\/2024\/09\/24\/curso-de-radiologia-toracica-basica\/\" rel=\"bookmark\" style=\"box-sizing: inherit; color: rgb(111, 111, 111); transition-property: all; margin-top: 0px; box-shadow: rgb(255, 255, 255) 0px 0px 0px !important;\"><time class=\"entry-date published\" datetime=\"2024-09-24T16:12:20+00:00\" style=\"box-sizing: inherit; margin-top: 0px;\">24 de September de 2024<\/time><\/a><\/span><\/div><\/div>\t\t\t\t\t\t<\/div>\n\t\t\t\t<\/div>\n\t\t\t\t\t<\/div>\n\t\t<\/div>\n\t\t\t\t\t<\/div>\n\t\t<\/section>\n\t\t\t\t<section class=\"elementor-section elementor-top-section elementor-element elementor-element-f2a63ef elementor-section-boxed elementor-section-height-default elementor-section-height-default\" data-id=\"f2a63ef\" data-element_type=\"section\">\n\t\t\t\t\t\t<div class=\"elementor-container elementor-column-gap-default\">\n\t\t\t\t\t<div class=\"elementor-column elementor-col-100 elementor-top-column elementor-element elementor-element-1d6b917\" data-id=\"1d6b917\" data-element_type=\"column\">\n\t\t\t<div class=\"elementor-widget-wrap elementor-element-populated\">\n\t\t\t\t\t\t<div class=\"elementor-element elementor-element-5a44dd2 elementor-widget elementor-widget-text-editor\" data-id=\"5a44dd2\" data-element_type=\"widget\" data-widget_type=\"text-editor.default\">\n\t\t\t\t<div class=\"elementor-widget-container\">\n\t\t\t\t\t\t\t<h1 class=\"entry-title\" style=\"box-sizing: inherit; margin-bottom: 0px; line-height: 49px;\">Taller sobre imagen hep\u00e1tica en Madrid<\/h1><div class=\"blog-data-wrapper\" style=\"box-sizing: inherit; width: 716.516px; color: rgb(0, 0, 0); font-family: &quot;PT Sans&quot;, &quot;helvetica neue&quot;, helvetica, arial; font-size: 16px;\"><div class=\"post-data-text\" style=\"box-sizing: inherit;\"><span class=\"posted-on\" style=\"box-sizing: inherit; color: rgb(111, 111, 111); font-size: 16px; margin-top: 0px;\">Posted on&nbsp;<a href=\"https:\/\/arsur.es\/index.php\/2024\/08\/08\/taller-sobre-imagen-hepatica-en-madrid\/\" rel=\"bookmark\" style=\"box-sizing: inherit; color: rgb(111, 111, 111); transition-property: all; margin-top: 0px; box-shadow: rgb(255, 255, 255) 0px 0px 0px !important;\"><time class=\"entry-date published\" datetime=\"2024-08-08T18:00:07+00:00\" style=\"box-sizing: inherit; margin-top: 0px;\">8 de August de 2024<\/time><\/a><\/span><\/div><\/div>\t\t\t\t\t\t<\/div>\n\t\t\t\t<\/div>\n\t\t\t\t\t<\/div>\n\t\t<\/div>\n\t\t\t\t\t<\/div>\n\t\t<\/section>\n\t\t\t\t<section class=\"elementor-section elementor-top-section elementor-element elementor-element-4a8e33f elementor-section-boxed elementor-section-height-default elementor-section-height-default\" data-id=\"4a8e33f\" data-element_type=\"section\">\n\t\t\t\t\t\t<div class=\"elementor-container elementor-column-gap-default\">\n\t\t\t\t\t<div class=\"elementor-column elementor-col-100 elementor-top-column elementor-element elementor-element-03e3d7e\" data-id=\"03e3d7e\" data-element_type=\"column\">\n\t\t\t<div class=\"elementor-widget-wrap elementor-element-populated\">\n\t\t\t\t\t\t<div class=\"elementor-element elementor-element-dabc695 elementor-widget elementor-widget-text-editor\" data-id=\"dabc695\" data-element_type=\"widget\" data-widget_type=\"text-editor.default\">\n\t\t\t\t<div class=\"elementor-widget-container\">\n\t\t\t\t\t\t\t<h1 class=\"entry-title\" style=\"box-sizing: inherit; margin-bottom: 0px; line-height: 49px;\">V Jornadas de Radiolog\u00eda Musculoesquel\u00e9tica de la ARS<\/h1>\n<div class=\"blog-data-wrapper\" style=\"box-sizing: inherit; width: 716.516px; color: #000000; font-family: 'PT Sans', 'helvetica neue', helvetica, arial; font-size: 16px;\">\n<div class=\"post-data-text\" style=\"box-sizing: inherit;\"><span class=\"posted-on\" style=\"box-sizing: inherit; color: #6f6f6f; font-size: 16px; margin-top: 0px;\">Posted on&nbsp;<a style=\"box-sizing: inherit; color: #6f6f6f; transition-property: all; margin-top: 0px; box-shadow: #ffffff 0px 0px 0px !important;\" href=\"https:\/\/arsur.es\/index.php\/2024\/04\/16\/v-jornadas-de-radiologia-musculoesqueletica-de-la-ars\/\" rel=\"bookmark\"><time class=\"entry-date published\" style=\"box-sizing: inherit; margin-top: 0px;\" datetime=\"2024-04-16T16:38:16+00:00\">16 de April de 2024<\/time><\/a><\/span><\/div>\n<\/div>\t\t\t\t\t\t<\/div>\n\t\t\t\t<\/div>\n\t\t\t\t\t<\/div>\n\t\t<\/div>\n\t\t\t\t\t<\/div>\n\t\t<\/section>\n\t\t\t\t<section class=\"elementor-section elementor-top-section elementor-element elementor-element-bef7b71 elementor-section-boxed elementor-section-height-default elementor-section-height-default\" data-id=\"bef7b71\" data-element_type=\"section\">\n\t\t\t\t\t\t<div class=\"elementor-container elementor-column-gap-default\">\n\t\t\t\t\t<div class=\"elementor-column elementor-col-100 elementor-top-column elementor-element elementor-element-a768fb9\" data-id=\"a768fb9\" data-element_type=\"column\">\n\t\t\t<div class=\"elementor-widget-wrap elementor-element-populated\">\n\t\t\t\t\t\t<div class=\"elementor-element elementor-element-9d3503d elementor-widget elementor-widget-text-editor\" data-id=\"9d3503d\" data-element_type=\"widget\" data-widget_type=\"text-editor.default\">\n\t\t\t\t<div class=\"elementor-widget-container\">\n\t\t\t\t\t\t\t<h1 class=\"entry-title\" style=\"box-sizing: inherit; margin-bottom: 0px; line-height: 49px;\">XVIII Curso de Radiolog\u00eda Tor\u00e1cica B\u00e1sica 16 y 17 de Noviembre de 2023<\/h1><div class=\"blog-data-wrapper\" style=\"box-sizing: inherit; width: 716.516px; color: #000000; font-family: 'PT Sans', 'helvetica neue', helvetica, arial; font-size: 16px;\"><div class=\"post-data-text\" style=\"box-sizing: inherit;\"><span class=\"posted-on\" style=\"box-sizing: inherit; color: #6f6f6f; font-size: 16px; margin-top: 0px;\">Posted on\u00a0<a style=\"box-sizing: inherit; color: #6f6f6f; transition-property: all; margin-top: 0px; box-shadow: #ffffff 0px 0px 0px !important;\" href=\"https:\/\/arsur.es\/index.php\/2023\/10\/09\/xviii-curso-deradiologia-toracica-basica16-y-17-de-noviembre-de-2023\/\" rel=\"bookmark\"><time class=\"entry-date published\" style=\"box-sizing: inherit; margin-top: 0px;\" datetime=\"2023-10-09T08:22:16+00:00\">9 de October de 2023<\/time><\/a><\/span><\/div><\/div>\t\t\t\t\t\t<\/div>\n\t\t\t\t<\/div>\n\t\t\t\t\t<\/div>\n\t\t<\/div>\n\t\t\t\t\t<\/div>\n\t\t<\/section>\n\t\t\t\t<\/div>\n\t\t","protected":false},"excerpt":{"rendered":"<p>Curso B\u00e1sico de Radiolog\u00eda en Urgencias Posted on\u00a018 de February de 2025 Curso de Radiolog\u00eda Tor\u00e1cica B\u00e1sica Posted on&nbsp;24 de September de 2024 Taller sobre imagen hep\u00e1tica en Madrid Posted on&nbsp;8 de August de 2024 V Jornadas de Radiolog\u00eda Musculoesquel\u00e9tica de la ARS Posted on&nbsp;16 de April de 2024 XVIII Curso de Radiolog\u00eda Tor\u00e1cica B\u00e1sica&#8230;<\/p>\n","protected":false},"author":1,"featured_media":0,"parent":0,"menu_order":0,"comment_status":"closed","ping_status":"closed","template":"","meta":[],"_links":{"self":[{"href":"https:\/\/arsur.es\/index.php\/wp-json\/wp\/v2\/pages\/21"}],"collection":[{"href":"https:\/\/arsur.es\/index.php\/wp-json\/wp\/v2\/pages"}],"about":[{"href":"https:\/\/arsur.es\/index.php\/wp-json\/wp\/v2\/types\/page"}],"author":[{"embeddable":true,"href":"https:\/\/arsur.es\/index.php\/wp-json\/wp\/v2\/users\/1"}],"replies":[{"embeddable":true,"href":"https:\/\/arsur.es\/index.php\/wp-json\/wp\/v2\/comments?post=21"}],"version-history":[{"count":8,"href":"https:\/\/arsur.es\/index.php\/wp-json\/wp\/v2\/pages\/21\/revisions"}],"predecessor-version":[{"id":307,"href":"https:\/\/arsur.es\/index.php\/wp-json\/wp\/v2\/pages\/21\/revisions\/307"}],"wp:attachment":[{"href":"https:\/\/arsur.es\/index.php\/wp-json\/wp\/v2\/media?parent=21"}],"curies":[{"name":"wp","href":"https:\/\/api.w.org\/{rel}","templated":true}]}}